{"id":3,"date":"2023-10-23T14:10:39","date_gmt":"2023-10-23T14:10:39","guid":{"rendered":"http:\/\/zevendehemelbergen.nl.www189.your-server.de\/?page_id=3"},"modified":"2024-03-21T19:19:22","modified_gmt":"2024-03-21T18:19:22","slug":"datenschutzrichtlinie","status":"publish","type":"page","link":"https:\/\/zevendehemelbergen.nl\/de\/datenschutzrichtlinie\/","title":{"rendered":"Datenschutzrichtlinie"},"content":{"rendered":"<p>Diese Seite wurde zuletzt am: 20.03.2024 bearbeitet<\/p>\n\n\n\n<p>\u201eZevende Hemel\u201c, mit Sitz in Fazantenlaan 1, 1865 BN Bergen aan Zee, ist f\u00fcr die Verarbeitung personenbezogener Daten gem\u00e4\u00df dieser Datenschutzerkl\u00e4rung verantwortlich.<\/p>\n\n\n\n<p><strong>Kontaktdetails: <br><\/strong>\u201eZevende Hemel\u201c Phazantenlaan 11865 BN Bergen aan Zee<br>Handelskammernummer: 83886044<br>Umsatzsteuer-Identifikationsnummer: NL003886738B56<\/p>\n\n\n\n<h2 class=\"wp-block-heading\">Personenbezogene Daten, die wir verarbeiten<\/h2>\n\n\n\n<p>\u201eZevende Hemel\u201c verarbeitet Ihre personenbezogenen Daten, weil Sie unsere Dienste nutzen und\/oder weil Sie uns diese selbst zur Verf\u00fcgung stellen. Nachfolgend finden Sie eine \u00dcbersicht \u00fcber die von uns verarbeiteten personenbezogenen Daten:<\/p>\n\n\n\n<ul class=\"wp-block-list\">\n<li>Vor-und Nachname<\/li>\n\n\n\n<li>Adressdaten<\/li>\n\n\n\n<li>Telefonnummer<\/li>\n\n\n\n<li>E-Mail-Adresse<\/li>\n<\/ul>\n\n\n\n<h2 class=\"wp-block-heading\">Besondere und\/oder sensible personenbezogene Daten, die wir verarbeiten<\/h2>\n\n\n\n<p>Unsere Website und\/oder unser Dienst beabsichtigen nicht, Daten \u00fcber Website-Besucher zu sammeln, die j\u00fcnger als 16 Jahre sind. Es sei denn, sie haben die Erlaubnis der Eltern oder Erziehungsberechtigten. Wir k\u00f6nnen jedoch nicht \u00fcberpr\u00fcfen, ob ein Besucher \u00e4lter als 16 Jahre ist. Wir empfehlen daher, dass Eltern in die Online-Aktivit\u00e4ten ihrer Kinder einbezogen werden, um zu verhindern, dass Daten \u00fcber Kinder ohne Zustimmung der Eltern erfasst werden. Wenn Sie davon \u00fcberzeugt sind, dass wir ohne diese Einwilligung personenbezogene Daten eines Minderj\u00e4hrigen gesammelt haben, kontaktieren Sie uns bitte unter info7hemel@gamil.com und wir werden diese Daten l\u00f6schen.<\/p>\n\n\n\n<h2 class=\"wp-block-heading\">Zu welchem Zweck und auf welcher Grundlage verarbeiten wir personenbezogene Daten?<\/h2>\n\n\n\n<p>\u201eZevende Hemel\u201c verarbeitet Ihre personenbezogenen Daten f\u00fcr folgende Zwecke:<br>Abwicklung Ihrer Zahlung<br>Um Sie anrufen oder Ihnen eine E-Mail senden zu k\u00f6nnen, wenn dies f\u00fcr die Erbringung unserer Dienstleistungen erforderlich ist<br>Um Sie \u00fcber \u00c4nderungen unserer Dienstleistungen und Produkte zu informieren<br>\u201eZevende Hemel\u201c verarbeitet personenbezogene Daten auch dann, wenn wir gesetzlich dazu verpflichtet sind, beispielsweise Daten, die wir f\u00fcr unsere Steuererkl\u00e4rung ben\u00f6tigen.<\/p>\n\n\n\n<h2 class=\"wp-block-heading\">Automatisierte Entscheidungsfindung<\/h2>\n\n\n\n<p>\u201eZevende Hemel\u201c trifft keine Entscheidungen auf der Grundlage einer automatisierten Verarbeitung in Angelegenheiten, die (erhebliche) Folgen f\u00fcr Menschen haben k\u00f6nnten. Hierbei handelt es sich um Entscheidungen, die von Computerprogrammen oder -systemen getroffen werden, ohne dass ein Mensch beteiligt ist (z. B. ein Mitarbeiter von \u201eZevende Hemel\u201c).<\/p>\n\n\n\n<h2 class=\"wp-block-heading\">Wie lange wir personenbezogene Daten aufbewahren<\/h2>\n\n\n\n<p>\u201eZevende Hemel\u201c speichert Ihre personenbezogenen Daten nicht l\u00e4nger als unbedingt erforderlich, um die Zwecke zu erreichen, f\u00fcr die Ihre Daten erhoben werden. Wir verwenden die folgenden Aufbewahrungsfristen f\u00fcr die folgenden (Kategorien) personenbezogener Daten:<br>Allgemein: Die Aufbewahrungsdauer betr\u00e4gt nicht mehr als unbedingt erforderlich, um Ihre Anfrage\/Frage zu beantworten und\/oder zu bearbeiten.<br>Reservierung: Aufbewahrungsfrist mindestens 7 Jahre nach endg\u00fcltiger Reservierung (aufgrund gesetzlicher Verwaltungspflichten).<br>Newsletter: Aufbewahrungsfrist auf unbestimmte Zeit oder bis zur Aufforderung zur L\u00f6schung.<\/p>\n\n\n\n<h2 class=\"wp-block-heading\">Cookies oder \u00e4hnliche Techniken, die wir verwenden<\/h2>\n\n\n\n<p>\u201eZevende Hemel\u201c verwendet ausschlie\u00dflich technische und funktionale Cookies. Und analytische Cookies, die Ihre Privatsph\u00e4re nicht verletzen. Ein Cookie ist eine kleine Textdatei, die beim ersten Besuch dieser Website auf Ihrem Computer, Tablet oder Smartphone gespeichert wird. Die von uns verwendeten Cookies sind f\u00fcr den technischen Betrieb der Website und Ihre Benutzerfreundlichkeit erforderlich. Sie stellen sicher, dass die Website ordnungsgem\u00e4\u00df funktioniert, und merken sich beispielsweise Ihre Pr\u00e4ferenzeinstellungen. Auch unsere Website k\u00f6nnen wir damit optimieren. Sie k\u00f6nnen sich von Cookies abmelden, indem Sie Ihren Internetbrowser so einstellen, dass er keine Cookies mehr speichert. Dar\u00fcber hinaus k\u00f6nnen Sie \u00fcber die Einstellungen Ihres Browsers auch alle zuvor gespeicherten Informationen l\u00f6schen.<\/p>\n\n\n\n<h2 class=\"wp-block-heading\">Google Analytics<\/h2>\n\n\n\n<p>\u201eZevende Hemel\u201c verwendet Google Analytics, um Daten zu sammeln, die Aufschluss \u00fcber die Nutzung der Website geben. Um diese Daten so weit wie m\u00f6glich zu anonymisieren, wurden folgende Ma\u00dfnahmen durchgef\u00fchrt:<br>Google Analytics ist datenschutzfreundlich eingerichtet<br>Mit Google abgeschlossener Verarbeitungsvertrag<br>Die letzten Ziffern Ihrer IP-Adresse werden maskiert<br>Google gibt diese Informationen gegebenenfalls an Dritte weiter, sofern Google dazu gesetzlich verpflichtet ist oder soweit diese Dritten die Informationen im Auftrag von Google verarbeiten. Darauf hat \u201eSeventh Heaven\u201c keinen Einfluss.<\/p>\n\n\n\n<h2 class=\"wp-block-heading\">Daten einsehen, anpassen oder l\u00f6schen<\/h2>\n\n\n\n<p>Sie haben das Recht, Ihre personenbezogenen Daten einzusehen, zu korrigieren oder zu l\u00f6schen. Dar\u00fcber hinaus haben Sie das Recht, Ihre Einwilligung zur Datenverarbeitung zu widerrufen oder der Verarbeitung Ihrer personenbezogenen Daten durch \u201eZevende Hemel\u201c zu widersprechen, und Sie haben das Recht auf Daten\u00fcbertragbarkeit. Das bedeutet, dass Sie bei uns einen Antrag stellen k\u00f6nnen, die personenbezogenen Daten, die wir \u00fcber Sie haben, in einer Computerdatei an Sie oder eine andere von Ihnen genannte Organisation zu senden.<\/p>\n\n\n\n<p>Sie k\u00f6nnen einen Antrag auf Zugriff, Berichtigung, L\u00f6schung oder Daten\u00fcbertragung Ihrer personenbezogenen Daten oder einen Antrag auf Widerruf Ihrer Einwilligung oder Widerspruch gegen die Verarbeitung Ihrer personenbezogenen Daten an info7hemel@gmail.com senden<br>Um sicherzustellen, dass die Zugriffsanfrage von Ihnen stammt, fragen Sie bitte nach<\/p>\n\n\n\n<p><\/p>\n\n\n\n<h2 class=\"wp-block-heading\">NIEDERL\u00c4NDISCH (ORIGINAL)<\/h2>\n\n\n\n<p>\u201eZevende Hemel\u201c, gemietet an der Fazantenlaan 1, 1865 BN Bergen aan Zee, ist f\u00fcr die Zusammenarbeit mit Personen bestimmt, die in dieser Datenschutzerkl\u00e4rung ber\u00fccksichtigt werden.<\/p>\n\n\n\n<p><strong>Kontaktinformationen:<br><\/strong>\u201eZevende Hemel\u201c<br>Fazantenlaan 1<br>1865 BN Bergen aan Zee<\/p>\n\n\n\n<p>KVK-Nummer: 83886044<\/p>\n\n\n\n<p>\u00dcbrigens Nummer: NL003886738B56<\/p>\n\n\n\n<h2 class=\"wp-block-heading\"><strong>Persoonsgegevens die wij verwerken<\/strong><\/h2>\n\n\n\n<p>\u201eZevende Hemel\u201c hat Ihre pers\u00f6nlichen W\u00fcnsche erf\u00fcllt, indem Sie unsere Dienste in Anspruch genommen haben, und zwar dann, wenn Sie sich um uns gek\u00fcmmert haben&nbsp;<\/p>\n\n\n\n<p>Hier finden Sie eine \u00dcbersicht \u00fcber die Personen, die sie verfassen:<\/p>\n\n\n\n<ul class=\"wp-block-list\">\n<li>Voor-en achternaam<\/li>\n\n\n\n<li>Adresgegevens<\/li>\n\n\n\n<li>Telefonnummer<\/li>\n\n\n\n<li>Email Adresse<\/li>\n<\/ul>\n\n\n\n<h2 class=\"wp-block-heading\"><strong>Bijzondere en\/oelige persoonsgegevens sterben wij verwerken<\/strong><\/h2>\n\n\n\n<p>Auf dieser Website wurde nicht die Absicht ge\u00e4u\u00dfert, \u00fcber Websitebesucher zu berichten, die j\u00fcnger als 16 Jahre waren. Versuchen Sie, die Ohren von Voogd zu befreien. Wir k\u00f6nnen jedoch nicht kontrollieren, ob ein Kind \u00e4lter als 16 Jahre ist. Wir haben uns auch mit den Online-Aktivit\u00e4ten unserer Kinder besch\u00e4ftigt, um ihnen zu helfen, dass sie \u00fcber Kinder verhandelt werden, um ihnen mehr Freude zu bereiten. Wenn Sie zu sehr darauf bedacht sind, dass Ihre pers\u00f6nliche Kontaktaufnahme \u00fcber einen l\u00e4ngeren Zeitraum erfolgen muss, m\u00fcssen Sie sich mit uns in Verbindung setzen&nbsp;<a href=\"mailto:info7hemel@gamil.com\">info7hemel@gamil.com<\/a>, und erfahren Sie diese Informationen.<\/p>\n\n\n\n<h2 class=\"wp-block-heading\"><strong>Auf der Grundlage der Arbeit, die jeder Mensch braucht, arbeitet er<\/strong><\/h2>\n\n\n\n<p>\u201eZevende Hemel\u201c hat Ihre pers\u00f6nlichen Interessen f\u00fcr die folgenden Aufgaben erf\u00fcllt:<\/p>\n\n\n\n<ul class=\"wp-block-list\">\n<li>Het afhandelen van your betaling<\/li>\n\n\n\n<li>Sie k\u00f6nnen eine E-Mail an Indien senden, da es sich um eine Dienstleistung handelt, die Sie ben\u00f6tigen<\/li>\n\n\n\n<li>Informieren Sie sich \u00fcber unsere Leistungen und Produkte<\/li>\n\n\n\n<li>\u201eZevende Hemel\u201c hat auch die pers\u00f6nliche Verantwortung \u00fcbernommen, die wir hier haben, damit sie uns helfen k\u00f6nnen, um unser Geschenk zu machen.<\/li>\n<\/ul>\n\n\n\n<h2 class=\"wp-block-heading\"><strong>Automatischer Zugriff<\/strong><\/h2>\n\n\n\n<p>\u201eZevende Hemel\u201c muss auf der Grundlage automatisierter Arbeiten nicht \u00fcber die (Anforderungs-)Bedingungen informiert werden, die f\u00fcr Personen erforderlich sind. Hier geht es darum, die Daten von Computerprogrammen oder Systemen zu verstehen, sodass ein Mensch (ein Bild eines Mitarbeiters von \u201eZevende Hemel\u201c) nichts davon hat.<\/p>\n\n\n\n<h2 class=\"wp-block-heading\"><strong>Hoe lang we personsoonsgegevens beware<\/strong><\/h2>\n\n\n\n<p>\u201eZevende Hemel\u201c weist Sie darauf hin, dass Ihre Person nicht l\u00e4nger da ist und Sie sich unbedingt darum k\u00fcmmern m\u00fcssen, dass Ihre Person verhandelt werden muss. Wir bitten Sie um weitere Informationen zu folgenden (Kategorien) Personen:<\/p>\n\n\n\n<ul class=\"wp-block-list\">\n<li>Allgemeines: Achten Sie darauf, dass Sie nicht l\u00e4nger warten und unbedingt darauf achten, dass Sie Ihr Produkt nicht verzehren und verkaufen.<\/li>\n\n\n\n<li>Reservierung: Mindestens 7 Jahre vor der endg\u00fcltigen Reservierung (ivm wettelijke administratieve verplichtings).<\/li>\n\n\n\n<li>Kurzbeschreibung: Bitte beachten Sie, dass innerhalb der letzten 30 Tage des Verhandlungsvorgangs ein Termin vereinbart wurde.<\/li>\n<\/ul>\n\n\n\n<h2 class=\"wp-block-heading\"><strong>Cookies oder verschiedene Technologien werden von uns verwendet<\/strong><\/h2>\n\n\n\n<p>\u201eZevende Hemel\u201c verwendet alle technischen und funktionalen Cookies. Analytische Cookies beeintr\u00e4chtigen nicht Ihre Privatsph\u00e4re. Ein Cookie ist eine kleine Textdatei, die zum ersten Mal auf dieser Website verwendet wird, um auf Ihrem Computer, Tablet oder Smartphone gespeichert zu werden. Die Cookies werden f\u00fcr die technische Arbeit auf der Website und in Ihrem Benutzerkonto verwendet. Sie m\u00fcssen darauf achten, dass die Website Ihnen zur Verf\u00fcgung steht und Ihnen ein gutes Bild f\u00fcr Ihre Installation bietet. Auch hier k\u00f6nnen Sie unsere Website optimieren. Sie k\u00f6nnen Cookies \u00fcber Ihren Internetbrowser melden, um sicherzustellen, dass diese Cookies nicht mehr angezeigt werden. Anschlie\u00dfend k\u00f6nnen Sie alle Informationen lesen, die Sie \u00fcber die Installation Ihres Browsers erhalten.<\/p>\n\n\n\n<h2 class=\"wp-block-heading\"><strong>Google Analytics<\/strong><\/h2>\n\n\n\n<p>\u201eZevende Hemel\u201c verwendet Google Analytics, um die Informationen auf der Website anzuzeigen. Aus den folgenden Gr\u00fcnden ist es wichtig, dass diese Personen m\u00f6glicherweise nicht anonymisiert werden:<\/p>\n\n\n\n<ul class=\"wp-block-list\">\n<li>Datenschutzbestimmungen von Google Analytics<\/li>\n\n\n\n<li>Bewerkersovereenkomst mit Google gesloten<\/li>\n\n\n\n<li>Die meisten Benutzer Ihrer IP-Adresse wurden maskiert<\/li>\n<\/ul>\n\n\n\n<p>Google kann diese Informationen zu den von Google erstellten Informationen hinzuf\u00fcgen. \u201eZevende Hemel\u201c ist hier nicht enthalten.<\/p>\n\n\n\n<h2 class=\"wp-block-heading\"><strong>Gegevens inzien, aanpassen oder verwijderen<\/strong><\/h2>\n\n\n\n<p class=\"has-text-align-left\">Sie m\u00fcssen das Recht haben, Ihre pers\u00f6nlichen Erfahrungen zu teilen, sie zu korrigieren oder zu verurteilen. Daher m\u00fcssen Sie das Recht haben, sich eventuell f\u00fcr die Vertragsverhandlungen auf dem Weg zu entscheiden, um die Verhandlungen mit Ihrer Person durch \u201eZevende Hemel\u201c zu erm\u00f6glichen, und Sie haben das Recht auf Vertragsverhandlungen. Dies bedeutet, dass Sie einen Vertrag abschlie\u00dfen m\u00fcssen, um Personen zu erreichen, die in einem Computerbestand in einer anderen, unabh\u00e4ngigen Organisation t\u00e4tig sind.<\/p>\n\n\n\n<p>Sie k\u00f6nnen eine vollst\u00e4ndige Pr\u00fcfung durchf\u00fchren, Korrekturen vornehmen, \u00c4nderungen vornehmen, Ihre pers\u00f6nlichen Daten \u00e4ndern oder die gesamte Reisedauer Ihrer pers\u00f6nlichen Daten \u00fcberpr\u00fcfen oder auf die Bearbeitung Ihrer pers\u00f6nlichen Daten zur\u00fcckgreifen&nbsp;<a href=\"mailto:info7hemel@gmail.com\">info7hemel@gmail.com<\/a><\/p>\n\n\n\n<p>Um sicherzustellen, dass die gesamte Inzahlungnahme von Ihnen erfolgt ist, m\u00fcssen Sie eine Kopie Ihrer Identit\u00e4tsnachweise erstellen, um die ben\u00f6tigte Leistung zu erzielen. Bitte kopieren Sie Ihr Foto, MRZ (maschinenlesbarer Bereich, der mit Nummern versehen ist, die auf der Seite angezeigt werden), Passnummer und Burgerservicenummer (BSN) schwarz. Dies sch\u00fctzt Ihre Privatsph\u00e4re. Wir freuen uns auf ein schnelles, aber innerhalb von vier Wochen auf Ihrem Weg.<\/p>\n\n\n\n<p>\u201eZevende Hemel\u201c wird Sie zehn Jahre lang bitten, Ihnen zu sagen, dass Sie sich daf\u00fcr entscheiden m\u00fcssen, dem nationalen Interessenvertretungsbeamten und der zust\u00e4ndigen Beh\u00f6rde zu dienen. Das geht \u00fcber den folgenden Link:&nbsp;<a href=\"https:\/\/autoriteitpersoonsgegevens.nl\/nl\/contact-met-de-autoriteit-persoonsgegevens\/tip-ons\">https:\/\/autoriteitpersoonsgegevens.nl\/nl\/contact-met-de-autoriteit-persoonsgegevens\/tip-ons<\/a><\/p>\n\n\n\n<h2 class=\"wp-block-heading\"><strong>Hoe wij personsoonsgegevens beveiligen<\/strong><\/h2>\n\n\n\n<p>\u201eZevende Hemel\u201c muss Ihre gesamte Serie absichern und geeignete Regeln einhalten, um Fehlbedienungen, Fehler, Wartungseingriffe, die gr\u00f6\u00dfte Offenbarmachung und eine lange Lebensdauer zu gew\u00e4hrleisten. Wenn Sie sich die M\u00fche machen, dass Sie sich nicht sicher sind, ob Sie sich f\u00fcr eine Fehlbedienung entschieden haben, wenden Sie sich bitte an unseren Kundenservice oder per E-Mail&nbsp;<a href=\"mailto:info7hemel@gmail.com\">info7hemel@gmail.com<\/a>.<\/p>\n\n\n\n<p><strong>Cookies aanpassen<\/strong><\/p>\n\n\n\n<p>M\u00f6chtest du deinen Keks zum Mitnehmen bringen? Klicken Sie hier auf den Knopf.<\/p>","protected":false},"excerpt":{"rendered":"<p>This page has been edited last on: 20\/03\/2024 &#8216;Zevende Hemel&#8217;, located at Fazantenlaan 1, 1865 BN Bergen aan Zee, is responsible for the processing of personal data as shown in this privacy statement. Contact details: &#8216;Zevende Hemel&#8217; Phazantenlaan 11865 BN Bergen aan ZeeChamber of Commerce number: 83886044VAT number: NL003886738B56 Personal data that we process &#8216;Zevende [&hellip;]<\/p>\n","protected":false},"author":1,"featured_media":0,"parent":0,"menu_order":0,"comment_status":"closed","ping_status":"closed","template":"","meta":{"inline_featured_image":false,"footnotes":""},"class_list":["post-3","page","type-page","status-publish","hentry"],"_links":{"self":[{"href":"https:\/\/zevendehemelbergen.nl\/de\/wp-json\/wp\/v2\/pages\/3","targetHints":{"allow":["GET"]}}],"collection":[{"href":"https:\/\/zevendehemelbergen.nl\/de\/wp-json\/wp\/v2\/pages"}],"about":[{"href":"https:\/\/zevendehemelbergen.nl\/de\/wp-json\/wp\/v2\/types\/page"}],"author":[{"embeddable":true,"href":"https:\/\/zevendehemelbergen.nl\/de\/wp-json\/wp\/v2\/users\/1"}],"replies":[{"embeddable":true,"href":"https:\/\/zevendehemelbergen.nl\/de\/wp-json\/wp\/v2\/comments?post=3"}],"version-history":[{"count":5,"href":"https:\/\/zevendehemelbergen.nl\/de\/wp-json\/wp\/v2\/pages\/3\/revisions"}],"predecessor-version":[{"id":1729,"href":"https:\/\/zevendehemelbergen.nl\/de\/wp-json\/wp\/v2\/pages\/3\/revisions\/1729"}],"wp:attachment":[{"href":"https:\/\/zevendehemelbergen.nl\/de\/wp-json\/wp\/v2\/media?parent=3"}],"curies":[{"name":"wp","href":"https:\/\/api.w.org\/{rel}","templated":true}]}}