{"id":277,"date":"2019-08-20T12:22:58","date_gmt":"2019-08-20T12:22:58","guid":{"rendered":"https:\/\/themes.getmotopress.com\/booklium-default\/?page_id=277"},"modified":"2024-12-22T12:03:07","modified_gmt":"2024-12-22T11:03:07","slug":"terms-amp-bedingungen","status":"publish","type":"page","link":"https:\/\/zevendehemelbergen.nl\/de\/terms-amp-bedingungen\/","title":{"rendered":"Terms &amp; amp; Bedingungen"},"content":{"rendered":"<h2 class=\"wp-block-heading\"><strong>Allgemein<\/strong><\/h2>\n\n\n\n<p>Diese Allgemeinen Gesch\u00e4ftsbedingungen gelten f\u00fcr Buchungsbest\u00e4tigungen bez\u00fcglich der von \u201eZevende Hemel\u201c, Handelskammernummer 83886044, vermieteten Unterk\u00fcnfte.<br>\u201eZevende Hemel\u201c besitzt keine Unterk\u00fcnfte (Ferienh\u00e4user), sondern vermietet und vermittelt im Auftrag privater Eigent\u00fcmer zur kurzfristigen Freizeitnutzung.<br>Der Mieter, der eine Buchung \u00fcber \u201eZevende Hemel\u201c vornimmt, haftet gesamtschuldnerisch f\u00fcr die Erf\u00fcllung aller Verpflichtungen, die sich aus der Buchung ergeben, sowohl f\u00fcr sich selbst als auch f\u00fcr seine Mitreisenden.<\/p>\n\n\n\n<h2 class=\"wp-block-heading\"><strong>Webseite<\/strong><\/h2>\n\n\n\n<p>&#039;Zevende Hemel&#039; schlie\u00dft jegliche Haftung f\u00fcr direkte oder indirekte Sch\u00e4den jeglicher Art aus, die aus der Nutzung unserer Website entstehen oder in irgendeiner Weise damit zusammenh\u00e4ngen. Aus den Bildern der angezeigten Unterk\u00fcnfte kann keine rechtliche Haftung abgeleitet werden. Nur die in der Buchungsbest\u00e4tigung genannten Angaben sind verbindlich.<\/p>\n\n\n\n<h2 class=\"wp-block-heading\"><strong>Reservierung<\/strong><\/h2>\n\n\n\n<p>Sie k\u00f6nnen eine unserer Unterk\u00fcnfte online oder per E-Mail buchen. Bei Abschluss der Online-Reservierung leisten Sie eine Anzahlung in H\u00f6he von 301 TP3T des Mietbetrags. Nach Eingang der Anzahlung erhalten Sie umgehend eine schriftliche Best\u00e4tigung Ihrer Buchung von \u201eZevende Hemel\u201c.<br>Drei\u00dfig Tage vor Ihrem Ankunftsdatum erhalten Sie eine E-Mail mit einer Zahlungsaufforderung f\u00fcr den restlichen Betrag von 70%. Dieser Betrag muss innerhalb von f\u00fcnf Werktagen bezahlt werden.<br>Sollte die Zahlung des restlichen Mietbetrages nicht fristgerecht (innerhalb von f\u00fcnf Werktagen nach Versand der E-Mail) bei uns eintreffen, behalten wir uns das Recht vor, Ihre Buchung zu stornieren.<\/p>\n\n\n\n<h2 class=\"wp-block-heading\"><strong>Stornierung<\/strong><\/h2>\n\n\n\n<p>Leider kann es vorkommen, dass Sie Ihren Urlaub stornieren oder vorzeitig beenden m\u00fcssen. Wir empfehlen Ihnen, eine Reiser\u00fccktrittsversicherung abzuschlie\u00dfen, um in solchen F\u00e4llen ausreichend abgesichert zu sein. Stornierungen von Buchungen m\u00fcssen ausschlie\u00dflich schriftlich erfolgen. Bei \u201eZevende Hemel\u201c gelten die folgenden Stornierungsbedingungen:<\/p>\n\n\n\n<ul class=\"wp-block-list\">\n<li>Bei einer Stornierung nach Bezahlung der Anzahlung von 30% erlischt Ihr Anspruch auf R\u00fcckerstattung des gezahlten Betrages.<\/li>\n\n\n\n<li>Bei nicht oder versp\u00e4teter Zahlung der restlichen Mietgeb\u00fchr f\u00fcr 70% erlischt Ihr Anspruch auf R\u00fcckzahlung der Anzahlung und Ihre Reservierung wird storniert.<\/li>\n\n\n\n<li>Bei einer Stornierung nach vollst\u00e4ndiger Bezahlung des Mietbetrages ist keine R\u00fcckerstattung m\u00f6glich.<\/li>\n\n\n\n<li>Wenn Sie am vereinbarten Anreisetag nicht ankommen oder vorzeitig abreisen, haben Sie keinen Anspruch auf eine R\u00fcckerstattung. Sie k\u00f6nnen Ihre Buchung nach R\u00fccksprache mit \u201eZevende Hemel\u201c auf eine andere Person \u00fcbertragen. Die Anfrage muss mindestens sieben Tage vor der Ankunft schriftlich eingereicht werden, damit \u201eZevende Hemel\u201c die erforderlichen Anpassungen vornehmen kann. (Ihr Ersatz muss alle Buchungsbedingungen erf\u00fcllen.)<\/li>\n<\/ul>\n\n\n\n<h2 class=\"wp-block-heading\"><strong>Absage durch \u201eZevende Hemel\u201c<\/strong><\/h2>\n\n\n\n<p>Sollten unvorhergesehene Umst\u00e4nde eine Erf\u00fcllung der Buchung unm\u00f6glich machen, wird dem Mieter umgehend eine vergleichbare oder bessere Unterkunft als Ersatz angeboten. Ist der Mieter mit dieser Alternative nicht einverstanden, wird der bereits bezahlte Mietbetrag zur\u00fcckerstattet. Weitergehende Anspr\u00fcche des Mieters sind in diesem Fall ausgeschlossen.<\/p>\n\n\n\n<h2 class=\"wp-block-heading\"><strong>Haftung von &#039;Zevende Hemel&#039;<\/strong><\/h2>\n\n\n\n<p>\u201eZevende Hemel\u201c fungiert ausschlie\u00dflich als Vermittler zwischen Mieter und Vermieter und \u00fcbernimmt keinerlei Verantwortung f\u00fcr etwaige Vers\u00e4umnisse seitens des Vermieters.<\/p>\n\n\n\n<h2 class=\"wp-block-heading\"><strong>Mitwirkungspflicht und Haftung<\/strong><\/h2>\n\n\n\n<p>W\u00e4hrend der Mietzeit haften Mieter und andere Nutzer in vollem Umfang f\u00fcr Unf\u00e4lle, Sch\u00e4den und Diebstahl in und um die Unterkunft sowie deren Folgen, wenn diese auf Fahrl\u00e4ssigkeit, Verschulden oder Vorsatz von ihnen bzw. ihren Mitreisenden zur\u00fcckzuf\u00fchren sind.<br>Der Mieter haftet auch in vollem Umfang f\u00fcr eventuelle Zusatzkosten. \u201eZevende Hemel\u201c beh\u00e4lt sich das Recht vor, den Mieter haftbar zu machen, wenn der verursachte Schaden nicht ordnungsgem\u00e4\u00df beglichen oder die Kosten vor Ort nicht vollst\u00e4ndig bezahlt wurden. Alle damit verbundenen (Inkasso-)Kosten werden dem in der Buchungsbest\u00e4tigung aufgef\u00fchrten Mieter in voller H\u00f6he in Rechnung gestellt.<br>Jeder Mieter ist verpflichtet, w\u00e4hrend der Mietzeit durch ihn oder seine Mitbewohner verursachte Sch\u00e4den unverz\u00fcglich zu melden.<\/p>\n\n\n\n<p>\u201eZevende Hemel\u201c haftet nicht f\u00fcr Unannehmlichkeiten oder den Verlust der Mietfreude im Falle von Bauarbeiten in der N\u00e4he (z. B. Stra\u00dfen- oder Bauarbeiten), erh\u00f6hter Touristenaktivit\u00e4t oder anderer Ereignisse.<br>\u201eZevende Hemel\u201c haftet nicht f\u00fcr den Ausfall oder die St\u00f6rung technischer Ger\u00e4te, Versorgungseinrichtungen oder Internetdienste.<\/p>\n\n\n\n<h2 class=\"wp-block-heading\"><strong>\u00dcberbelegung und Haustiere<\/strong><\/h2>\n\n\n\n<p>Die Anwesenheit oder Nutzung von mehr Personen als in der Buchung vereinbart ist strengstens untersagt. Eine \u00dcberbelegung f\u00fchrt zur sofortigen K\u00fcndigung des Vertrages ohne Entsch\u00e4digung. Die angegebene Personenzahl schlie\u00dft Kinder und Babys ein. Dies gilt auch f\u00fcr das Mitbringen von Haustieren, sofern nicht im Vertrag erw\u00e4hnt.<\/p>\n\n\n\n<h2 class=\"wp-block-heading\"><strong>Gruppenzusammensetzung und Immobiliennutzung<\/strong><\/h2>\n\n\n\n<p>Wir vermitteln haupts\u00e4chlich Unterk\u00fcnfte f\u00fcr Familien und Paare. Jugendgruppen m\u00fcssen uns zum Zeitpunkt der Buchung informieren, ob sie als solche buchen. Eine \u201eJugendgruppe\u201c besteht aus mindestens vier (4) Personen, haupts\u00e4chlich unter 27 Jahren. Wir oder der Eigent\u00fcmer behalten uns das Recht vor, eine Gruppenbuchung abzulehnen oder ohne R\u00fcckerstattung zu stornieren, wenn diese Informationen bei der Buchung nicht angegeben wurden. Es k\u00f6nnen zus\u00e4tzliche Beschr\u00e4nkungen hinsichtlich der Gruppenzusammensetzung gelten, die in der Unterkunftsbeschreibung auf unserer Website erw\u00e4hnt werden. Sie m\u00fcssen alle in der Unterkunftsbeschreibung genannten Beschr\u00e4nkungen oder Anforderungen einhalten.<br>&#039;Zevende Hemel&#039; und der Vermieter haben das Recht, eine Buchung aufgrund des Alters oder der Gruppenzusammensetzung abzulehnen. Untervermietung oder Weitervermietung ist untersagt. Die Immobilie darf nicht f\u00fcr kommerzielle Zwecke oder als Partyort genutzt werden.<\/p>\n\n\n\n<h2 class=\"wp-block-heading\"><strong>Beschwerden<\/strong><\/h2>\n\n\n\n<p>Wenn mit Ihrer gebuchten Unterkunft etwas nicht stimmt oder sie nicht der Beschreibung entspricht, sind Sie verpflichtet, \u201eZevende Hemel\u201c unverz\u00fcglich zu informieren. Wir werden unser Bestes tun, um das Problem so schnell wie m\u00f6glich zu l\u00f6sen. Wenn Ihre Beschwerde nicht zufriedenstellend gel\u00f6st werden kann, m\u00fcssen Sie sie innerhalb von sieben Tagen nach Ihrem Aufenthalt formal schriftlich einreichen. Wenn Sie die Unterkunft verlassen, ohne \u201eZevende Hemel\u201c \u00fcber Ihre Beschwerde zu informieren, verlieren Sie alle Anspr\u00fcche auf Entsch\u00e4digung oder R\u00fcckerstattung. \u201eZevende Hemel\u201c nimmt Beschwerden ernst und wird sein Bestes tun, um Ihren Urlaub so unvergesslich wie m\u00f6glich zu machen.<\/p>","protected":false},"excerpt":{"rendered":"<p>General These general terms and conditions apply to booking confirmations regarding accommodations rented out by \u2018Zevende Hemel\u2019 Chamber of Commerce number 83886044.\u2018Zevende Hemel\u2019 does not own accommodations (holiday homes) but rents and mediates on behalf of private owners for short-term recreational use.The tenant who makes a booking through \u2018Zevende Hemel\u2019 is jointly and severally liable [&hellip;]<\/p>\n","protected":false},"author":1,"featured_media":0,"parent":0,"menu_order":0,"comment_status":"closed","ping_status":"closed","template":"","meta":{"inline_featured_image":false,"footnotes":""},"class_list":["post-277","page","type-page","status-publish","hentry"],"_links":{"self":[{"href":"https:\/\/zevendehemelbergen.nl\/de\/wp-json\/wp\/v2\/pages\/277","targetHints":{"allow":["GET"]}}],"collection":[{"href":"https:\/\/zevendehemelbergen.nl\/de\/wp-json\/wp\/v2\/pages"}],"about":[{"href":"https:\/\/zevendehemelbergen.nl\/de\/wp-json\/wp\/v2\/types\/page"}],"author":[{"embeddable":true,"href":"https:\/\/zevendehemelbergen.nl\/de\/wp-json\/wp\/v2\/users\/1"}],"replies":[{"embeddable":true,"href":"https:\/\/zevendehemelbergen.nl\/de\/wp-json\/wp\/v2\/comments?post=277"}],"version-history":[{"count":4,"href":"https:\/\/zevendehemelbergen.nl\/de\/wp-json\/wp\/v2\/pages\/277\/revisions"}],"predecessor-version":[{"id":2344,"href":"https:\/\/zevendehemelbergen.nl\/de\/wp-json\/wp\/v2\/pages\/277\/revisions\/2344"}],"wp:attachment":[{"href":"https:\/\/zevendehemelbergen.nl\/de\/wp-json\/wp\/v2\/media?parent=277"}],"curies":[{"name":"wp","href":"https:\/\/api.w.org\/{rel}","templated":true}]}}