{"id":238,"date":"2019-08-20T11:29:12","date_gmt":"2019-08-20T11:29:12","guid":{"rendered":"https:\/\/themes.getmotopress.com\/booklium-default\/?page_id=238"},"modified":"2024-03-27T20:46:52","modified_gmt":"2024-03-27T19:46:52","slug":"uber-uns","status":"publish","type":"page","link":"https:\/\/zevendehemelbergen.nl\/de\/uber-uns\/","title":{"rendered":"\u00dcber uns"},"content":{"rendered":"<div class=\"wp-block-columns has-3-columns is-layout-flex wp-container-core-columns-is-layout-28f84493 wp-block-columns-is-layout-flex\">\n<div class=\"wp-block-column is-layout-flow wp-block-column-is-layout-flow\" style=\"flex-basis:60%\">\n<h3 class=\"wp-block-heading\">Frits &amp; Mandy<\/h3>\n\n\n\n<p>Bei uns k\u00f6nnen Sie Ihren Urlaub an einzigartigen Orten in Bergen aan Zee buchen.<\/p>\n\n\n\n<p>Nachdem wir jahrelang einen Strandpavillon in Bergen aan Zee betrieben haben, ist unsere Liebe f\u00fcr die kleine K\u00fcstenstadt nur noch gewachsen. Wir genie\u00dfen das Leben an diesem Traumort und erleben ein ununterbrochenes Urlaubsgef\u00fchl. Im Jahr 2022 haben wir beschlossen, dass wir diesen wundersch\u00f6nen Ort mit anderen Menschen teilen m\u00f6chten. Aus diesem Grund haben wir in unserem Haus, der Villa de Duinfazant, zwei komfortable Zimmer geschaffen, die mit allem Komfort ausgestattet sind. Kommen Sie und genie\u00dfen Sie K\u00fcste, Meer, Wald und D\u00fcnen bei uns an der Nordsee!<\/p>\n\n\n\n<p>M\u00f6chten Sie Ihr eigenes Ferienhaus in Bergen aan Zee in vollen Z\u00fcgen genie\u00dfen, ohne Hektik und Sorgen? Wir k\u00fcmmern uns darum! Haben Sie ein Zuhause in Bergen aan Zee und m\u00f6chten Sie entlastet sein? Kein l\u00e4stiges Putzen, keine M\u00fclltonnen, keine Sorgen wegen Unwettern? Gerne \u00fcbernehmen wir das f\u00fcr Sie.<\/p>\n\n\n\n<p>Wir hoffen, dass Sie sich in unserem wundersch\u00f6nen K\u00fcstendorf wie zu Hause f\u00fchlen, entspannen, genie\u00dfen und neue Energie tanken werden!<\/p>\n<\/div>\n\n\n\n<div class=\"wp-block-column is-layout-flow wp-block-column-is-layout-flow\">\n<figure class=\"wp-block-image size-large\"><img loading=\"lazy\" decoding=\"async\" width=\"1024\" height=\"1017\" src=\"https:\/\/zevendehemelbergen.nl\/wp-content\/uploads\/2024\/01\/Frits-en-Mandy-1024x1017.jpg\" alt=\"\" class=\"wp-image-1317\" srcset=\"https:\/\/zevendehemelbergen.nl\/wp-content\/uploads\/2024\/01\/Frits-en-Mandy-1024x1017.jpg 1024w, https:\/\/zevendehemelbergen.nl\/wp-content\/uploads\/2024\/01\/Frits-en-Mandy-300x298.jpg 300w, https:\/\/zevendehemelbergen.nl\/wp-content\/uploads\/2024\/01\/Frits-en-Mandy-150x150.jpg 150w, https:\/\/zevendehemelbergen.nl\/wp-content\/uploads\/2024\/01\/Frits-en-Mandy-768x763.jpg 768w, https:\/\/zevendehemelbergen.nl\/wp-content\/uploads\/2024\/01\/Frits-en-Mandy-1536x1525.jpg 1536w, https:\/\/zevendehemelbergen.nl\/wp-content\/uploads\/2024\/01\/Frits-en-Mandy-2048x2034.jpg 2048w, https:\/\/zevendehemelbergen.nl\/wp-content\/uploads\/2024\/01\/Frits-en-Mandy-892x886.jpg 892w, https:\/\/zevendehemelbergen.nl\/wp-content\/uploads\/2024\/01\/Frits-en-Mandy-1350x1340.jpg 1350w\" sizes=\"auto, (max-width: 1024px) 100vw, 1024px\" \/><\/figure>\n<\/div>\n<\/div>\n\n\n\n<div style=\"height:60px\" aria-hidden=\"true\" class=\"wp-block-spacer\"><\/div>\n\n\n\n<div class=\"wp-block-columns are-vertically-aligned-center has-2-columns is-layout-flex wp-container-core-columns-is-layout-28f84493 wp-block-columns-is-layout-flex\">\n<div class=\"wp-block-column is-vertically-aligned-center is-layout-flow wp-block-column-is-layout-flow\">\n<figure class=\"wp-block-image size-full\"><img loading=\"lazy\" decoding=\"async\" width=\"454\" height=\"454\" src=\"https:\/\/zevendehemelbergen.nl\/wp-content\/uploads\/2024\/03\/strandstoel.jpg\" alt=\"\" class=\"wp-image-1669\" srcset=\"https:\/\/zevendehemelbergen.nl\/wp-content\/uploads\/2024\/03\/strandstoel.jpg 454w, https:\/\/zevendehemelbergen.nl\/wp-content\/uploads\/2024\/03\/strandstoel-300x300.jpg 300w, https:\/\/zevendehemelbergen.nl\/wp-content\/uploads\/2024\/03\/strandstoel-150x150.jpg 150w, https:\/\/zevendehemelbergen.nl\/wp-content\/uploads\/2024\/03\/strandstoel-12x12.jpg 12w\" sizes=\"auto, (max-width: 454px) 100vw, 454px\" \/><\/figure>\n<\/div>\n\n\n\n<div class=\"wp-block-column is-vertically-aligned-center is-layout-flow wp-block-column-is-layout-flow\" style=\"flex-basis:60%\">\n<h3 class=\"wp-block-heading\">De Zevende Hemel<\/h3>\n\n\n\n<p>Intensives Entspannen mit den F\u00fc\u00dfen im Sand\u2026.!<\/p>\n\n\n\n<div class=\"wp-block-buttons is-layout-flex wp-block-buttons-is-layout-flex\">\n<div class=\"wp-block-button\"><a class=\"wp-block-button__link wp-element-button\" href=\"\/de\/unterkunfte\/\" target=\"_blank\" rel=\"noreferrer noopener\">Buchen Sie Ihren Urlaub!<\/a><\/div>\n\n\n\n<div class=\"wp-block-button\"><a class=\"wp-block-button__link wp-element-button\" href=\"\/de\/hausverwaltungsdienst\/\" target=\"_blank\" rel=\"noreferrer noopener\">Ferienhausverwaltung<\/a><\/div>\n<\/div>\n<\/div>\n<\/div>\n\n\n\n<div style=\"height:60px\" aria-hidden=\"true\" class=\"wp-block-spacer\"><\/div>\n\n\n\n<div class=\"wp-block-getwid-advanced-heading\" style=\"margin-bottom:5px;margin-top:46px\"><h2 class=\"wp-block-getwid-advanced-heading__content\" style=\"text-align:center\">Rezensionen<\/h2><\/div>\n\n\n\n<div class=\"wp-block-getwid-advanced-heading\" style=\"margin-bottom:45px\"><span class=\"wp-block-getwid-advanced-heading__content\" style=\"text-align:center\">Seit 2022 beherbergen wir G\u00e4ste in Bergen aan Zee und bieten ihnen ein tolles Erlebnis. Aber glauben Sie uns nicht nur, sondern h\u00f6ren Sie es von ihnen.<\/span><\/div>\n\n\n\n<div class=\"wp-block-getwid-content-slider has-arrows-inside has-dots-inside\" data-autoplay=\"true\" data-infinite=\"true\" data-adaptive-height=\"true\" data-pause-hover=\"true\"><div class=\"wp-block-getwid-content-slider__wrapper\">\n<div class=\"wp-block-getwid-content-slider-slide\"><div class=\"wp-block-getwid-content-slider-slide__wrapper\">\n<div class=\"wp-block-getwid-section is-style-with-shadow is-style-fit-parent\"><div class=\"wp-block-getwid-section__wrapper getwid-padding-top-medium getwid-padding-bottom-medium getwid-padding-left-medium getwid-padding-right-medium getwid-align-items-flex-start\"><div class=\"wp-block-getwid-section__inner-wrapper\"><div class=\"wp-block-getwid-section__background-holder\"><div class=\"wp-block-getwid-section__background has-background has-white-background-color\"><\/div><div class=\"wp-block-getwid-section__foreground\"><\/div><\/div><div class=\"wp-block-getwid-section__content\"><div class=\"wp-block-getwid-section__inner-content\">\n<div class=\"wp-block-getwid-image-box has-image-left has-text-center has-mobile-layout-default has-mobile-alignment-default\"><div class=\"wp-block-getwid-image-box__image-container is-position-middle\"><a href=\"#\" class=\"wp-block-getwid-image-box__image-wrapper\"><img loading=\"lazy\" decoding=\"async\" width=\"150\" height=\"150\" src=\"https:\/\/zevendehemelbergen.nl\/wp-content\/uploads\/2024\/03\/strand-bergen-slecht-w-150x150.jpg\" alt=\"\" class=\"wp-block-getwid-image-box__image wp-image-1761\"\/><\/a><\/div><div class=\"wp-block-getwid-image-box__content\">\n<div class=\"wp-block-getwid-advanced-heading\" style=\"margin-bottom:10px\"><h4 class=\"wp-block-getwid-advanced-heading__content\" style=\"text-align:left\">Toller Aufenthalt in Bergen aan Zee!<\/h4><\/div>\n\n\n\n<p class=\"has-text-align-left has-small-font-size\">Unser letzter Aufenthalt in Bergen aan Zee war fantastisch. Die ruhige Sch\u00f6nheit der K\u00fcste wurde durch die gem\u00fctlichen und gut ausgestatteten Unterk\u00fcnfte perfekt erg\u00e4nzt. Frits und Mandy waren au\u00dfergew\u00f6hnliche Gastgeber und gaben uns das Gef\u00fchl, zu Hause zu sein. Die N\u00e4he zum Meer, zum Wald und zu den D\u00fcnen bot endlose M\u00f6glichkeiten zur Erkundung. Und ein toller Ort f\u00fcr eine Radtour!<\/p>\n<\/div><\/div>\n<\/div><\/div><\/div><\/div><\/div>\n<\/div><\/div>\n\n\n\n<div class=\"wp-block-getwid-content-slider-slide\"><div class=\"wp-block-getwid-content-slider-slide__wrapper\">\n<div class=\"wp-block-getwid-section is-style-with-shadow is-style-fit-parent\"><div class=\"wp-block-getwid-section__wrapper getwid-padding-top-medium getwid-padding-bottom-medium getwid-padding-left-medium getwid-padding-right-medium getwid-align-items-flex-start\"><div class=\"wp-block-getwid-section__inner-wrapper\"><div class=\"wp-block-getwid-section__background-holder\"><div class=\"wp-block-getwid-section__background has-background has-white-background-color\"><\/div><div class=\"wp-block-getwid-section__foreground\"><\/div><\/div><div class=\"wp-block-getwid-section__content\"><div class=\"wp-block-getwid-section__inner-content\">\n<div class=\"wp-block-getwid-image-box has-image-left has-text-center has-mobile-layout-default has-mobile-alignment-center\"><div class=\"wp-block-getwid-image-box__image-container is-position-top\"><a href=\"#\" class=\"wp-block-getwid-image-box__image-wrapper\"><img loading=\"lazy\" decoding=\"async\" width=\"150\" height=\"150\" src=\"https:\/\/zevendehemelbergen.nl\/wp-content\/uploads\/2024\/03\/foto-kerkje-150x150.jpg\" alt=\"\" class=\"wp-block-getwid-image-box__image wp-image-1765\"\/><\/a><\/div><div class=\"wp-block-getwid-image-box__content\">\n<div class=\"wp-block-getwid-advanced-heading\" style=\"margin-bottom:10px\"><h4 class=\"wp-block-getwid-advanced-heading__content\" style=\"text-align:left\">Augen auf den Punkt!<\/h4><\/div>\n\n\n\n<p class=\"has-text-align-left has-small-font-size\">Wir finden die Intervention von Zevende Hemel sehr angenehm und haben sie noch nirgendwo anders erlebt.<br>Besonders gut gef\u00e4llt uns, dass wir die Kontrolle haben und auch direkten Kontakt zu unseren Urlaubsg\u00e4sten haben. Frits und Mandy vor Ort sind super f\u00fcr Empfang und Abreise und f\u00fcr Fragen unserer G\u00e4ste!<\/p>\n<\/div><\/div>\n<\/div><\/div><\/div><\/div><\/div>\n<\/div><\/div>\n\n\n\n<div class=\"wp-block-getwid-content-slider-slide\"><div class=\"wp-block-getwid-content-slider-slide__wrapper\">\n<div class=\"wp-block-getwid-section is-style-with-shadow is-style-fit-parent\"><div class=\"wp-block-getwid-section__wrapper getwid-padding-top-medium getwid-padding-bottom-medium getwid-padding-left-medium getwid-padding-right-medium getwid-align-items-flex-start\"><div class=\"wp-block-getwid-section__inner-wrapper\"><div class=\"wp-block-getwid-section__background-holder\"><div class=\"wp-block-getwid-section__background has-background has-white-background-color\"><\/div><div class=\"wp-block-getwid-section__foreground\"><\/div><\/div><div class=\"wp-block-getwid-section__content\"><div class=\"wp-block-getwid-section__inner-content\">\n<div class=\"wp-block-getwid-image-box has-image-left has-text-center has-mobile-layout-default has-mobile-alignment-default\"><div class=\"wp-block-getwid-image-box__image-container is-position-middle\"><a href=\"#\" class=\"wp-block-getwid-image-box__image-wrapper\"><img loading=\"lazy\" decoding=\"async\" width=\"150\" height=\"150\" src=\"https:\/\/zevendehemelbergen.nl\/wp-content\/uploads\/2024\/03\/duin-gras-150x150.jpg\" alt=\"\" class=\"wp-block-getwid-image-box__image wp-image-1767\" srcset=\"https:\/\/zevendehemelbergen.nl\/wp-content\/uploads\/2024\/03\/duin-gras-150x150.jpg 150w, https:\/\/zevendehemelbergen.nl\/wp-content\/uploads\/2024\/03\/duin-gras-892x892.jpg 892w\" sizes=\"auto, (max-width: 150px) 100vw, 150px\" \/><\/a><\/div><div class=\"wp-block-getwid-image-box__content\">\n<div class=\"wp-block-getwid-advanced-heading\" style=\"margin-bottom:10px\"><h4 class=\"wp-block-getwid-advanced-heading__content\" style=\"text-align:left\">Eine herrliche Flucht<\/h4><\/div>\n\n\n\n<p class=\"has-text-align-left has-small-font-size\">Unser Aufenthalt in Bergen aan Zee war ein wunderbares Erlebnis. Die zwischen Meer und D\u00fcnen gelegene Unterkunft bot einen perfekten R\u00fcckzugsort vom Trubel. Frits und Mandy waren wundervolle Gastgeber, aufmerksam und freundlich. Das Zimmer war wundersch\u00f6n eingerichtet und mit allem ausgestattet, was wir f\u00fcr einen komfortablen Aufenthalt brauchten. Die friedliche Atmosph\u00e4re und die malerischen Spazierg\u00e4nge entlang der K\u00fcste waren H\u00f6hepunkte unserer Reise. Ich kann es kaum erwarten, wiederzukommen!<\/p>\n<\/div><\/div>\n<\/div><\/div><\/div><\/div><\/div>\n<\/div><\/div>\n<\/div><\/div>\n\n\n\n<div style=\"height:60px\" aria-hidden=\"true\" class=\"wp-block-spacer\"><\/div>\n\n\n\n<hr class=\"wp-block-separator has-css-opacity is-style-wide\"\/>\n\n\n\n<div style=\"height:60px\" aria-hidden=\"true\" class=\"wp-block-spacer\"><\/div>\n\n\n\n<div class=\"wp-block-getwid-advanced-heading\" style=\"margin-bottom:5px;margin-top:26px\"><h2 class=\"wp-block-getwid-advanced-heading__content\" style=\"text-align:center\">Wohnen Sie in Bergen aan Zee?<\/h2><\/div>\n\n\n\n<div class=\"wp-block-getwid-advanced-heading\" style=\"margin-bottom:45px\"><span class=\"wp-block-getwid-advanced-heading__content\" style=\"text-align:center\">Sie haben ein Haus oder eine Ferienvermietung und suchen nach einer tollen Plattform, um Ihr Haus anzubieten? Nehmen Sie noch heute Kontakt mit uns auf und wir helfen Ihnen bei der Reservierung. Und wenn Sie Unterst\u00fctzung bei der Verwaltung Ihrer Immobilie oder einfach nur einen Haussitter suchen, schauen Sie sich unseren Support-Service an.<\/span><\/div>\n\n\n\n<div class=\"wp-block-columns is-not-stacked-on-mobile has-4-columns is-layout-flex wp-container-core-columns-is-layout-28f84493 wp-block-columns-is-layout-flex\">\n<div class=\"wp-block-column is-layout-flow wp-block-column-is-layout-flow\">\n<figure class=\"wp-block-image alignfull size-full\"><img loading=\"lazy\" decoding=\"async\" width=\"707\" height=\"398\" src=\"https:\/\/zevendehemelbergen.nl\/wp-content\/uploads\/2024\/03\/do-not-disturb-edited.jpg\" alt=\"\" class=\"wp-image-1745\" srcset=\"https:\/\/zevendehemelbergen.nl\/wp-content\/uploads\/2024\/03\/do-not-disturb-edited.jpg 707w, https:\/\/zevendehemelbergen.nl\/wp-content\/uploads\/2024\/03\/do-not-disturb-edited-300x169.jpg 300w, https:\/\/zevendehemelbergen.nl\/wp-content\/uploads\/2024\/03\/do-not-disturb-edited-18x10.jpg 18w\" sizes=\"auto, (max-width: 707px) 100vw, 707px\" \/><\/figure>\n\n\n\n<p><strong>Werden Sie Teil von De Zevende Hemel und registrieren Sie Ihr Ferienhaus bei uns.<\/strong><\/p>\n\n\n\n<div class=\"wp-block-buttons is-content-justification-left is-layout-flex wp-container-core-buttons-is-layout-fc4fd283 wp-block-buttons-is-layout-flex\">\n<div class=\"wp-block-button has-custom-width wp-block-button__width-100\"><a class=\"wp-block-button__link wp-element-button\" href=\"\/de\/listen-sie-mein-eigentum-auf\/\" target=\"_blank\" rel=\"noreferrer noopener\">Listen Sie meine Immobilie auf<\/a><\/div>\n<\/div>\n<\/div>\n\n\n\n<div class=\"wp-block-column is-layout-flow wp-block-column-is-layout-flow\"><div class=\"wp-block-image\">\n<figure class=\"aligncenter size-full\"><img loading=\"lazy\" decoding=\"async\" width=\"707\" height=\"398\" src=\"https:\/\/zevendehemelbergen.nl\/wp-content\/uploads\/2024\/03\/duinhuis_LE_photos_v2_faces_x2.jpg\" alt=\"\" class=\"wp-image-1753\" style=\"aspect-ratio:16\/9;object-fit:contain\" srcset=\"https:\/\/zevendehemelbergen.nl\/wp-content\/uploads\/2024\/03\/duinhuis_LE_photos_v2_faces_x2.jpg 707w, https:\/\/zevendehemelbergen.nl\/wp-content\/uploads\/2024\/03\/duinhuis_LE_photos_v2_faces_x2-300x169.jpg 300w, https:\/\/zevendehemelbergen.nl\/wp-content\/uploads\/2024\/03\/duinhuis_LE_photos_v2_faces_x2-18x10.jpg 18w\" sizes=\"auto, (max-width: 707px) 100vw, 707px\" \/><\/figure>\n<\/div>\n\n\n<p><strong>Ben\u00f6tigen Sie Hilfe bei der Verwaltung Ihres Ferienhauses? Wir sind hier um zu helfen.<\/strong><\/p>\n\n\n\n<div class=\"wp-block-getwid-advanced-spacer getwid-hide-desktop getwid-hide-tablet\" style=\"height:40px\" aria-hidden=\"true\"><\/div>\n\n\n\n<div class=\"wp-block-buttons is-layout-flex wp-block-buttons-is-layout-flex\">\n<div class=\"wp-block-button has-custom-width wp-block-button__width-100\"><a class=\"wp-block-button__link wp-element-button\" href=\"\/de\/hausverwaltungsdienst\/\" target=\"_blank\" rel=\"noreferrer noopener\">Hausverwaltungsdienste<\/a><\/div>\n<\/div>\n<\/div>\n<\/div>","protected":false},"excerpt":{"rendered":"<p>In De Zevende Hemel k\u00f6nnen Sie komfortable Ferienh\u00e4user in Bergen aan Zee genie\u00dfen. Entspannen Sie sich und lassen Sie sich von K\u00fcste, Meer, Wald und D\u00fcnen an der Nordsee inspirieren!<\/p>","protected":false},"author":1,"featured_media":0,"parent":0,"menu_order":0,"comment_status":"closed","ping_status":"closed","template":"template-wide-page.php","meta":{"inline_featured_image":false,"footnotes":""},"class_list":["post-238","page","type-page","status-publish","hentry"],"_links":{"self":[{"href":"https:\/\/zevendehemelbergen.nl\/de\/wp-json\/wp\/v2\/pages\/238","targetHints":{"allow":["GET"]}}],"collection":[{"href":"https:\/\/zevendehemelbergen.nl\/de\/wp-json\/wp\/v2\/pages"}],"about":[{"href":"https:\/\/zevendehemelbergen.nl\/de\/wp-json\/wp\/v2\/types\/page"}],"author":[{"embeddable":true,"href":"https:\/\/zevendehemelbergen.nl\/de\/wp-json\/wp\/v2\/users\/1"}],"replies":[{"embeddable":true,"href":"https:\/\/zevendehemelbergen.nl\/de\/wp-json\/wp\/v2\/comments?post=238"}],"version-history":[{"count":48,"href":"https:\/\/zevendehemelbergen.nl\/de\/wp-json\/wp\/v2\/pages\/238\/revisions"}],"predecessor-version":[{"id":1830,"href":"https:\/\/zevendehemelbergen.nl\/de\/wp-json\/wp\/v2\/pages\/238\/revisions\/1830"}],"wp:attachment":[{"href":"https:\/\/zevendehemelbergen.nl\/de\/wp-json\/wp\/v2\/media?parent=238"}],"curies":[{"name":"wp","href":"https:\/\/api.w.org\/{rel}","templated":true}]}}