{"id":1736,"date":"2024-03-21T19:31:56","date_gmt":"2024-03-21T18:31:56","guid":{"rendered":"https:\/\/zevendehemelbergen.nl\/?page_id=1736"},"modified":"2024-03-21T19:31:56","modified_gmt":"2024-03-21T18:31:56","slug":"haftungsausschluss","status":"publish","type":"page","link":"https:\/\/zevendehemelbergen.nl\/de\/haftungsausschluss\/","title":{"rendered":"Haftungsausschluss"},"content":{"rendered":"<h2 class=\"wp-block-heading\">Haftung<\/h2>\n\n\n\n<p>&#039;Zevende Hemel&#039; legt bei der Erstellung, Zusammenstellung und Verbreitung der Informationen auf dieser Website gr\u00f6\u00dfte Sorgfalt an den Tag. Aufgrund m\u00f6glicher \u00c4nderungen im Laufe der Zeit k\u00f6nnen wir jedoch nicht garantieren, dass die Informationen zum Zeitpunkt ihres Erhalts korrekt sind. Wenn Sie Ungenauigkeiten und\/oder andere Unregelm\u00e4\u00dfigkeiten feststellen oder wenn ein Grund f\u00fcr Zweifel besteht, bitten wir Sie, dies an info7hemel@gmail.com zu melden, damit wir die erforderlichen Ma\u00dfnahmen ergreifen k\u00f6nnen.<\/p>\n\n\n\n<p>Aus den auf der Website angegebenen Preisen k\u00f6nnen keine Rechte abgeleitet werden und \u00c4nderungen und\/oder Irrt\u00fcmer bleiben vorbehalten.<\/p>\n\n\n\n<p>\u201eZevende Hemel\u201c ist jederzeit berechtigt, Informationen auf der Website zu \u00e4ndern, anzupassen oder zu entfernen und Registrierungen von Mietern oder Vermietern abzulehnen.<\/p>\n\n\n\n<p>\u201eZevende Hemel\u201c ist nicht f\u00fcr die Bereitstellung falscher Informationen verantwortlich und \u00fcbernimmt daher keine Haftung f\u00fcr Sch\u00e4den, die aufgrund von Informationen auf dieser Website entstehen k\u00f6nnen.<\/p>\n\n\n\n<h2 class=\"wp-block-heading\">Urheberrechte \u00a9<\/h2>\n\n\n\n<p>Diese Website ist urheberrechtlich gesch\u00fctzt.<\/p>\n\n\n\n<p>Die Site ist f\u00fcr den pers\u00f6nlichen oder internen Gebrauch unserer Besucher bestimmt. Eine Vervielf\u00e4ltigung der Site ist nicht gestattet, au\u00dfer durch Herunterladen und Anzeigen auf einem einzelnen Computer und\/oder Ausdrucken einer einzelnen Papierkopie.<\/p>\n\n\n\n<p>Ohne schriftliche Genehmigung von \u201eZevende Hemel\u201c ist es nicht gestattet, diese Site auf andere Weise zu reproduzieren, beispielsweise sie zu \u00fcbertragen oder in einem Netzwerk verf\u00fcgbar zu machen.<\/p>\n\n\n\n<p>Das Framing dieser Site ist nicht gestattet.<\/p>\n\n\n\n<p>\u201eZevende Hemel\u201c sieht sich weder f\u00fcr den Zugriff auf die Site noch f\u00fcr die Informationen auf einer mit der Site von \u201eZevende Hemel\u201c verkn\u00fcpften Site verantwortlich oder haftbar.<\/p>\n\n\n\n<h2 class=\"wp-block-heading\">ORIGINAL (Niederl\u00e4ndisch)<\/h2>\n\n\n\n<h2 class=\"wp-block-heading\"><strong>Anwendbarkeit<\/strong><\/h2>\n\n\n\n<p>\u201eZevende Hemel\u201c ist eine \u00e4u\u00dferst sorgf\u00e4ltige Methode, um Informationen auf dieser Website zusammenzustellen und zu verbreiten. Wir k\u00f6nnen jedoch nicht garantieren, dass die Informationen nur im Moment des Erhalts dieser Informationen verf\u00fcgbar sind, es sei denn, Sie vergewissern sich, dass dies im Laufe der Zeit geschieht. In Indien sind Ihre Rechtsvorschriften und\/oder andere Rechtsvorschriften festgelegt, oder wenn Sie eine Meinung haben, ist alles anders, fragen Sie uns, ob Sie dies tun, indem Sie sich bei uns melden.\u00a0<a href=\"mailto:info7hemel@gmail.com\">info7hemel@gmail.com<\/a>, damit wir uns irgendwann einmal daran gew\u00f6hnen k\u00f6nnen.<\/p>\n\n\n\n<p>Beim Vergeben der Preise auf der Website m\u00fcssen Sie nicht rechtskr\u00e4ftig werden und\/oder es m\u00fcssen entsprechende Vorsichtsma\u00dfnahmen ergriffen werden.<\/p>\n\n\n\n<p>\u201eZevende Hemel\u201c wird jeden Tag erstellt, um Informationen auf der Website anzuzeigen, anzugeben oder zu l\u00f6schen und eine Meldung \u00fcber den Vermieter oder Vermieter zu hinterlassen.<\/p>\n\n\n\n<p>\u201eZevende Hemel\u201c ist nicht daf\u00fcr geeignet, die Verbreitung der Informationen zu f\u00f6rdern und hat keinen einzigen Verweis auf die Tatsache, dass Sie beim Verwenden der Informationen auf dieser Website f\u00fcndig werden.<\/p>\n\n\n\n<h2 class=\"wp-block-heading\"><strong>Urheberrechte \u00a9<\/strong><\/h2>\n\n\n\n<p>Diese Website genie\u00dft autorenrechtlichen Schutz.<\/p>\n\n\n\n<p>Die Site ist ausschlie\u00dflich f\u00fcr die interne Nutzung durch unsere Besucher bestimmt. Daher ist es nicht erforderlich, die Site anders zu gestalten, als sie herunterzuladen und auf einem einfachen Computer anzuzeigen und\/oder in Papierform auszudrucken.<\/p>\n\n\n\n<p>Ohne schriftliche Zustimmung von \u201eZevende Hemel\u201c wird diese Site nicht auf andere Weise verwendet, sondern kann einfach in einem Netzwerk bereitgestellt oder bereitgestellt werden.<\/p>\n\n\n\n<p>Dies ist kein Site-Framework.<\/p>\n\n\n\n<p>\u201eZevende Hemel\u201c ist auf jeden Fall weder verbindlich noch verbindlich f\u00fcr den Zugang zur Site oder zu den Informationen auf einer mit der Site \u201eZevende Hemel\u201c verkn\u00fcpften Site.<\/p>","protected":false},"excerpt":{"rendered":"<p>Liability &#8216;Zevende Hemel&#8217; exercises the utmost care when creating, compiling and distributing the information on this website. However, we cannot guarantee that the information is correct at the time it is received due to possible changes over time. If you notice inaccuracies and\/or other irregularities, or if there is any reason for doubt, we ask [&hellip;]<\/p>\n","protected":false},"author":1,"featured_media":0,"parent":0,"menu_order":0,"comment_status":"closed","ping_status":"closed","template":"","meta":{"inline_featured_image":false,"footnotes":""},"class_list":["post-1736","page","type-page","status-publish","hentry"],"_links":{"self":[{"href":"https:\/\/zevendehemelbergen.nl\/de\/wp-json\/wp\/v2\/pages\/1736","targetHints":{"allow":["GET"]}}],"collection":[{"href":"https:\/\/zevendehemelbergen.nl\/de\/wp-json\/wp\/v2\/pages"}],"about":[{"href":"https:\/\/zevendehemelbergen.nl\/de\/wp-json\/wp\/v2\/types\/page"}],"author":[{"embeddable":true,"href":"https:\/\/zevendehemelbergen.nl\/de\/wp-json\/wp\/v2\/users\/1"}],"replies":[{"embeddable":true,"href":"https:\/\/zevendehemelbergen.nl\/de\/wp-json\/wp\/v2\/comments?post=1736"}],"version-history":[{"count":1,"href":"https:\/\/zevendehemelbergen.nl\/de\/wp-json\/wp\/v2\/pages\/1736\/revisions"}],"predecessor-version":[{"id":1737,"href":"https:\/\/zevendehemelbergen.nl\/de\/wp-json\/wp\/v2\/pages\/1736\/revisions\/1737"}],"wp:attachment":[{"href":"https:\/\/zevendehemelbergen.nl\/de\/wp-json\/wp\/v2\/media?parent=1736"}],"curies":[{"name":"wp","href":"https:\/\/api.w.org\/{rel}","templated":true}]}}