{"id":1353,"date":"2024-01-15T09:55:10","date_gmt":"2024-01-15T09:55:10","guid":{"rendered":"https:\/\/zevendehemelbergen.nl\/?page_id=1353"},"modified":"2024-03-20T13:30:51","modified_gmt":"2024-03-20T12:30:51","slug":"dinge-die-man-in-bergen-aan-zee-unternehmen-kann","status":"publish","type":"page","link":"https:\/\/zevendehemelbergen.nl\/de\/dinge-die-man-in-bergen-aan-zee-unternehmen-kann\/","title":{"rendered":"Entdecken Sie Bergen aan Zee"},"content":{"rendered":"<p>Entdecken Sie die Freuden von Bergen aan Zee mit unserem kompakten Reisef\u00fchrer! Unsere charmante K\u00fcstenstadt bietet eine Mischung aus Natur, Abenteuer und Kultur. Unsere Liste umfasst atemberaubende Str\u00e4nde, malerische D\u00fcnen, Outdoor-Sportarten sowie kulturelle und kulinarische Hotspots. Perfekt f\u00fcr einen erholsamen und unvergesslichen Aufenthalt. Lassen Sie uns gemeinsam das Beste von Bergen aan Zee erkunden!<\/p>\n\n\n\n<div data-wp-context=\"{}\" data-wp-interactive=\"core\/query\" data-wp-key=\"9\" data-wp-router-region=\"query-9\" class=\"wp-block-query is-layout-flow wp-block-query-is-layout-flow\">\n<div class=\"wp-block-group\"><div class=\"wp-block-group__inner-container is-layout-constrained wp-block-group-is-layout-constrained\"><ul class=\"wp-block-post-template is-layout-flow wp-block-post-template-is-layout-flow\"><li data-wp-key=\"post-template-item-1173\" class=\"wp-block-post post-1173 post type-post status-publish format-standard has-post-thumbnail hentry category-activities category-tour tag-hiking tag-tour\">\n\n<div class=\"wp-block-columns alignwide is-layout-flex wp-container-core-columns-is-layout-28f84493 wp-block-columns-is-layout-flex\">\n<div class=\"wp-block-column is-layout-flow wp-block-column-is-layout-flow\" style=\"flex-basis:40%\"><figure style=\"height:260px;\" class=\"wp-block-post-featured-image\"><a href=\"https:\/\/zevendehemelbergen.nl\/de\/2023\/11\/24\/so-bleiben-sie-auf-reisen-gesund\/\" target=\"_self\"  style=\"height:260px\"><img loading=\"lazy\" decoding=\"async\" width=\"585\" height=\"365\" src=\"https:\/\/zevendehemelbergen.nl\/wp-content\/uploads\/2023\/11\/bergen-aan-zee-uit-de-lucht-e1710783590281.jpg\" class=\"attachment-post-thumbnail size-post-thumbnail wp-post-image\" alt=\"Der beste Dorfspaziergang in Bergen aan Zee\" style=\"height:260px;object-fit:cover;\" srcset=\"https:\/\/zevendehemelbergen.nl\/wp-content\/uploads\/2023\/11\/bergen-aan-zee-uit-de-lucht-e1710783590281.jpg 585w, https:\/\/zevendehemelbergen.nl\/wp-content\/uploads\/2023\/11\/bergen-aan-zee-uit-de-lucht-e1710783590281-300x187.jpg 300w, https:\/\/zevendehemelbergen.nl\/wp-content\/uploads\/2023\/11\/bergen-aan-zee-uit-de-lucht-e1710783590281-18x12.jpg 18w\" sizes=\"auto, (max-width: 585px) 100vw, 585px\" \/><\/a><\/figure><\/div>\n\n\n\n<div class=\"wp-block-column is-vertically-aligned-center is-layout-flow wp-block-column-is-layout-flow\" style=\"flex-basis:60%\"><h2 style=\"font-size:30px;font-style:normal;font-weight:500;text-transform:none;\" class=\"has-link-color wp-elements-ea8bae6f4e5cb3d99c634aa3d948bf9c wp-block-post-title has-text-color has-arsenic-color\"><a href=\"https:\/\/zevendehemelbergen.nl\/de\/2023\/11\/24\/so-bleiben-sie-auf-reisen-gesund\/\" target=\"_blank\" >Der beste Dorfspaziergang in Bergen aan Zee<\/a><\/h2>\n\n<div class=\"wp-block-post-excerpt\"><p class=\"wp-block-post-excerpt__excerpt\">Eine Rundwanderung in Bergen aan Zee. Wunderbar f\u00fcr einen Spaziergang an einem k\u00fchlen Abend und eine sch\u00f6ne M\u00f6glichkeit,\u2026<\/p><p class=\"wp-block-post-excerpt__more-text\"><a class=\"wp-block-post-excerpt__more-link\" href=\"https:\/\/zevendehemelbergen.nl\/de\/2023\/11\/24\/so-bleiben-sie-auf-reisen-gesund\/\">Mehr lesen<\/a><\/p><\/div><\/div>\n<\/div>\n\n<\/li><li data-wp-key=\"post-template-item-42\" class=\"wp-block-post post-42 post type-post status-publish format-standard has-post-thumbnail hentry category-activities tag-cinema tag-movie\">\n\n<div class=\"wp-block-columns alignwide is-layout-flex wp-container-core-columns-is-layout-28f84493 wp-block-columns-is-layout-flex\">\n<div class=\"wp-block-column is-layout-flow wp-block-column-is-layout-flow\" style=\"flex-basis:40%\"><figure style=\"height:260px;\" class=\"wp-block-post-featured-image\"><a href=\"https:\/\/zevendehemelbergen.nl\/de\/2023\/11\/24\/entdecken-sie-die-unterwasserwunder-im-zee-aquarium-bergen-aan-zee\/\" target=\"_self\"  style=\"height:260px\"><img loading=\"lazy\" decoding=\"async\" width=\"300\" height=\"199\" src=\"https:\/\/zevendehemelbergen.nl\/wp-content\/uploads\/2023\/11\/DSC_3306-300x199-1.jpg\" class=\"attachment-post-thumbnail size-post-thumbnail wp-post-image\" alt=\"Filmtheater Cinebergen\" style=\"height:260px;object-fit:cover;\" srcset=\"https:\/\/zevendehemelbergen.nl\/wp-content\/uploads\/2023\/11\/DSC_3306-300x199-1.jpg 300w, https:\/\/zevendehemelbergen.nl\/wp-content\/uploads\/2023\/11\/DSC_3306-300x199-1-18x12.jpg 18w\" sizes=\"auto, (max-width: 300px) 100vw, 300px\" \/><\/a><\/figure><\/div>\n\n\n\n<div class=\"wp-block-column is-vertically-aligned-center is-layout-flow wp-block-column-is-layout-flow\" style=\"flex-basis:60%\"><h2 style=\"font-size:30px;font-style:normal;font-weight:500;text-transform:none;\" class=\"has-link-color wp-elements-ea8bae6f4e5cb3d99c634aa3d948bf9c wp-block-post-title has-text-color has-arsenic-color\"><a href=\"https:\/\/zevendehemelbergen.nl\/de\/2023\/11\/24\/entdecken-sie-die-unterwasserwunder-im-zee-aquarium-bergen-aan-zee\/\" target=\"_blank\" >Filmtheater Cinebergen<\/a><\/h2>\n\n<div class=\"wp-block-post-excerpt\"><p class=\"wp-block-post-excerpt__excerpt\">Willkommen bei \u201eDe Zwarte Schuur\u201c. Eines der sch\u00f6nsten Kinos der Niederlande.<\/p><p class=\"wp-block-post-excerpt__more-text\"><a class=\"wp-block-post-excerpt__more-link\" href=\"https:\/\/zevendehemelbergen.nl\/de\/2023\/11\/24\/entdecken-sie-die-unterwasserwunder-im-zee-aquarium-bergen-aan-zee\/\">Mehr lesen<\/a><\/p><\/div><\/div>\n<\/div>\n\n<\/li><li data-wp-key=\"post-template-item-1174\" class=\"wp-block-post post-1174 post type-post status-publish format-standard has-post-thumbnail hentry category-activities tag-beach tag-dunes tag-hiking\">\n\n<div class=\"wp-block-columns alignwide is-layout-flex wp-container-core-columns-is-layout-28f84493 wp-block-columns-is-layout-flex\">\n<div class=\"wp-block-column is-layout-flow wp-block-column-is-layout-flow\" style=\"flex-basis:40%\"><figure style=\"height:260px;\" class=\"wp-block-post-featured-image\"><a href=\"https:\/\/zevendehemelbergen.nl\/de\/2023\/11\/24\/der-strand-von-bergen-aan-zee\/\" target=\"_self\"  style=\"height:260px\"><img loading=\"lazy\" decoding=\"async\" width=\"515\" height=\"364\" src=\"https:\/\/zevendehemelbergen.nl\/wp-content\/uploads\/2023\/11\/kids-strand-baz-e1710783550486.jpg\" class=\"attachment-post-thumbnail size-post-thumbnail wp-post-image\" alt=\"Der Strand von Bergen aan Zee; perfekter Ort f\u00fcr einen Spaziergang\" style=\"height:260px;object-fit:cover;\" srcset=\"https:\/\/zevendehemelbergen.nl\/wp-content\/uploads\/2023\/11\/kids-strand-baz-e1710783550486.jpg 515w, https:\/\/zevendehemelbergen.nl\/wp-content\/uploads\/2023\/11\/kids-strand-baz-e1710783550486-300x212.jpg 300w, https:\/\/zevendehemelbergen.nl\/wp-content\/uploads\/2023\/11\/kids-strand-baz-e1710783550486-18x12.jpg 18w\" sizes=\"auto, (max-width: 515px) 100vw, 515px\" \/><\/a><\/figure><\/div>\n\n\n\n<div class=\"wp-block-column is-vertically-aligned-center is-layout-flow wp-block-column-is-layout-flow\" style=\"flex-basis:60%\"><h2 style=\"font-size:30px;font-style:normal;font-weight:500;text-transform:none;\" class=\"has-link-color wp-elements-ea8bae6f4e5cb3d99c634aa3d948bf9c wp-block-post-title has-text-color has-arsenic-color\"><a href=\"https:\/\/zevendehemelbergen.nl\/de\/2023\/11\/24\/der-strand-von-bergen-aan-zee\/\" target=\"_blank\" >Der Strand von Bergen aan Zee; perfekter Ort f\u00fcr einen Spaziergang<\/a><\/h2>\n\n<div class=\"wp-block-post-excerpt\"><p class=\"wp-block-post-excerpt__excerpt\">Bergen aan Zee, ein malerisches Fischerdorf im Norden Hollands, etwa 100 km von der Hauptstadt entfernt,\u2026<\/p><p class=\"wp-block-post-excerpt__more-text\"><a class=\"wp-block-post-excerpt__more-link\" href=\"https:\/\/zevendehemelbergen.nl\/de\/2023\/11\/24\/der-strand-von-bergen-aan-zee\/\">Mehr lesen<\/a><\/p><\/div><\/div>\n<\/div>\n\n<\/li><li data-wp-key=\"post-template-item-1175\" class=\"wp-block-post post-1175 post type-post status-publish format-standard has-post-thumbnail hentry category-activities tag-beach tag-dunes tag-hiking tag-tour\">\n\n<div class=\"wp-block-columns alignwide is-layout-flex wp-container-core-columns-is-layout-28f84493 wp-block-columns-is-layout-flex\">\n<div class=\"wp-block-column is-layout-flow wp-block-column-is-layout-flow\" style=\"flex-basis:40%\"><figure style=\"height:260px;\" class=\"wp-block-post-featured-image\"><a href=\"https:\/\/zevendehemelbergen.nl\/de\/2023\/11\/24\/dunenreservat-nordholland\/\" target=\"_self\"  style=\"height:260px\"><img loading=\"lazy\" decoding=\"async\" width=\"892\" height=\"592\" src=\"https:\/\/zevendehemelbergen.nl\/wp-content\/uploads\/2019\/08\/high-angle-shot-lake-full-dirt-middle-field-cloudy-sky-892x592.jpg\" class=\"attachment-post-thumbnail size-post-thumbnail wp-post-image\" alt=\"Nordholl\u00e4ndisches D\u00fcnenreservat\" style=\"height:260px;object-fit:cover;\" srcset=\"https:\/\/zevendehemelbergen.nl\/wp-content\/uploads\/2019\/08\/high-angle-shot-lake-full-dirt-middle-field-cloudy-sky-892x592.jpg 892w, https:\/\/zevendehemelbergen.nl\/wp-content\/uploads\/2019\/08\/high-angle-shot-lake-full-dirt-middle-field-cloudy-sky-300x199.jpg 300w, https:\/\/zevendehemelbergen.nl\/wp-content\/uploads\/2019\/08\/high-angle-shot-lake-full-dirt-middle-field-cloudy-sky-1024x680.jpg 1024w, https:\/\/zevendehemelbergen.nl\/wp-content\/uploads\/2019\/08\/high-angle-shot-lake-full-dirt-middle-field-cloudy-sky-768x510.jpg 768w, https:\/\/zevendehemelbergen.nl\/wp-content\/uploads\/2019\/08\/high-angle-shot-lake-full-dirt-middle-field-cloudy-sky-1536x1020.jpg 1536w, https:\/\/zevendehemelbergen.nl\/wp-content\/uploads\/2019\/08\/high-angle-shot-lake-full-dirt-middle-field-cloudy-sky-1350x896.jpg 1350w, https:\/\/zevendehemelbergen.nl\/wp-content\/uploads\/2019\/08\/high-angle-shot-lake-full-dirt-middle-field-cloudy-sky.jpg 2000w\" sizes=\"auto, (max-width: 892px) 100vw, 892px\" \/><\/a><\/figure><\/div>\n\n\n\n<div class=\"wp-block-column is-vertically-aligned-center is-layout-flow wp-block-column-is-layout-flow\" style=\"flex-basis:60%\"><h2 style=\"font-size:30px;font-style:normal;font-weight:500;text-transform:none;\" class=\"has-link-color wp-elements-ea8bae6f4e5cb3d99c634aa3d948bf9c wp-block-post-title has-text-color has-arsenic-color\"><a href=\"https:\/\/zevendehemelbergen.nl\/de\/2023\/11\/24\/dunenreservat-nordholland\/\" target=\"_blank\" >Nordholl\u00e4ndisches D\u00fcnenreservat<\/a><\/h2>\n\n<div class=\"wp-block-post-excerpt\"><p class=\"wp-block-post-excerpt__excerpt\">Das Nordholl\u00e4ndische D\u00fcnenreservat liegt im Herzen der Niederlande und ist ein atemberaubendes Naturschutzgebiet, das\u2026<\/p><p class=\"wp-block-post-excerpt__more-text\"><a class=\"wp-block-post-excerpt__more-link\" href=\"https:\/\/zevendehemelbergen.nl\/de\/2023\/11\/24\/dunenreservat-nordholland\/\">Mehr lesen<\/a><\/p><\/div><\/div>\n<\/div>\n\n<\/li><li data-wp-key=\"post-template-item-1172\" class=\"wp-block-post post-1172 post type-post status-publish format-standard has-post-thumbnail hentry category-activities category-rest tag-bike-rental\">\n\n<div class=\"wp-block-columns alignwide is-layout-flex wp-container-core-columns-is-layout-28f84493 wp-block-columns-is-layout-flex\">\n<div class=\"wp-block-column is-layout-flow wp-block-column-is-layout-flow\" style=\"flex-basis:40%\"><figure style=\"height:260px;\" class=\"wp-block-post-featured-image\"><a href=\"https:\/\/zevendehemelbergen.nl\/de\/2019\/08\/20\/entdecken-sie-die-schonheit-der-architektur\/\" target=\"_self\"  style=\"height:260px\"><img loading=\"lazy\" decoding=\"async\" width=\"550\" height=\"413\" src=\"https:\/\/zevendehemelbergen.nl\/wp-content\/uploads\/2019\/08\/mtb-fiets.jpg\" class=\"attachment-post-thumbnail size-post-thumbnail wp-post-image\" alt=\"Fahrradverleih Bergen aan Zee; Entdecken Sie die Freude am Radfahren\" style=\"height:260px;object-fit:cover;\" srcset=\"https:\/\/zevendehemelbergen.nl\/wp-content\/uploads\/2019\/08\/mtb-fiets.jpg 550w, https:\/\/zevendehemelbergen.nl\/wp-content\/uploads\/2019\/08\/mtb-fiets-300x225.jpg 300w, https:\/\/zevendehemelbergen.nl\/wp-content\/uploads\/2019\/08\/mtb-fiets-16x12.jpg 16w\" sizes=\"auto, (max-width: 550px) 100vw, 550px\" \/><\/a><\/figure><\/div>\n\n\n\n<div class=\"wp-block-column is-vertically-aligned-center is-layout-flow wp-block-column-is-layout-flow\" style=\"flex-basis:60%\"><h2 style=\"font-size:30px;font-style:normal;font-weight:500;text-transform:none;\" class=\"has-link-color wp-elements-ea8bae6f4e5cb3d99c634aa3d948bf9c wp-block-post-title has-text-color has-arsenic-color\"><a href=\"https:\/\/zevendehemelbergen.nl\/de\/2019\/08\/20\/entdecken-sie-die-schonheit-der-architektur\/\" target=\"_blank\" >Fahrradverleih Bergen aan Zee; Entdecken Sie die Freude am Radfahren<\/a><\/h2>\n\n<div class=\"wp-block-post-excerpt\"><p class=\"wp-block-post-excerpt__excerpt\">Bergen aan Zee, eine charmante K\u00fcstenstadt in den Niederlanden, bietet eine einzigartige M\u00f6glichkeit, ihre malerischen Landschaften zu erkunden \u2013\u2026<\/p><p class=\"wp-block-post-excerpt__more-text\"><a class=\"wp-block-post-excerpt__more-link\" href=\"https:\/\/zevendehemelbergen.nl\/de\/2019\/08\/20\/entdecken-sie-die-schonheit-der-architektur\/\">Mehr lesen<\/a><\/p><\/div><\/div>\n<\/div>\n\n<\/li><\/ul><\/div><\/div>\n<\/div>","protected":false},"excerpt":{"rendered":"<p>Als Erg\u00e4nzung zu Ihrem Besuch in Bergen aan Zee haben wir einige Dinge aufgelistet, die Sie tun k\u00f6nnen, um Ihren Aufenthalt noch unvergesslicher zu machen.<\/p>","protected":false},"author":1,"featured_media":1699,"parent":0,"menu_order":0,"comment_status":"closed","ping_status":"closed","template":"","meta":{"inline_featured_image":false,"footnotes":""},"class_list":["post-1353","page","type-page","status-publish","has-post-thumbnail","hentry"],"_links":{"self":[{"href":"https:\/\/zevendehemelbergen.nl\/de\/wp-json\/wp\/v2\/pages\/1353","targetHints":{"allow":["GET"]}}],"collection":[{"href":"https:\/\/zevendehemelbergen.nl\/de\/wp-json\/wp\/v2\/pages"}],"about":[{"href":"https:\/\/zevendehemelbergen.nl\/de\/wp-json\/wp\/v2\/types\/page"}],"author":[{"embeddable":true,"href":"https:\/\/zevendehemelbergen.nl\/de\/wp-json\/wp\/v2\/users\/1"}],"replies":[{"embeddable":true,"href":"https:\/\/zevendehemelbergen.nl\/de\/wp-json\/wp\/v2\/comments?post=1353"}],"version-history":[{"count":21,"href":"https:\/\/zevendehemelbergen.nl\/de\/wp-json\/wp\/v2\/pages\/1353\/revisions"}],"predecessor-version":[{"id":1526,"href":"https:\/\/zevendehemelbergen.nl\/de\/wp-json\/wp\/v2\/pages\/1353\/revisions\/1526"}],"wp:featuredmedia":[{"embeddable":true,"href":"https:\/\/zevendehemelbergen.nl\/de\/wp-json\/wp\/v2\/media\/1699"}],"wp:attachment":[{"href":"https:\/\/zevendehemelbergen.nl\/de\/wp-json\/wp\/v2\/media?parent=1353"}],"curies":[{"name":"wp","href":"https:\/\/api.w.org\/{rel}","templated":true}]}}